{"id":709,"date":"2026-04-06T07:57:25","date_gmt":"2026-04-06T07:57:25","guid":{"rendered":"https:\/\/crownjet.com.br\/brasil\/?page_id=709"},"modified":"2026-04-07T16:27:32","modified_gmt":"2026-04-07T16:27:32","slug":"faq","status":"publish","type":"page","link":"https:\/\/crownjet.com.br\/brasil\/faq\/","title":{"rendered":"FAQ"},"content":{"rendered":"\t\t<div data-elementor-type=\"wp-page\" data-elementor-id=\"709\" class=\"elementor elementor-709\" data-elementor-settings=\"{&quot;ha_cmc_init_switcher&quot;:&quot;no&quot;}\" data-elementor-post-type=\"page\">\n\t\t\t\t<div class=\"elementor-element elementor-element-673cb0c4 e-con-full e-flex e-con e-parent\" data-id=\"673cb0c4\" data-element_type=\"container\" data-e-type=\"container\" data-settings=\"{&quot;background_background&quot;:&quot;classic&quot;,&quot;_ha_eqh_enable&quot;:false}\">\n\t\t<div class=\"elementor-element elementor-element-35065595 e-con-full e-flex e-con e-child\" data-id=\"35065595\" data-element_type=\"container\" data-e-type=\"container\" data-settings=\"{&quot;_ha_eqh_enable&quot;:false}\">\n\t\t\t\t<div class=\"elementor-element elementor-element-41be7021 ha-css-transform-yes elementor-widget__width-inherit elementor-invisible elementor-widget elementor-widget-heading\" data-id=\"41be7021\" data-element_type=\"widget\" data-e-type=\"widget\" data-settings=\"{&quot;_animation&quot;:&quot;fadeIn&quot;}\" data-widget_type=\"heading.default\">\n\t\t\t\t\t<h1 class=\"elementor-heading-title elementor-size-default\">Perguntas frequentes: tire suas d\u00favidas iniciais<br>com as nossas perguntas mais frenqu\u00eantes.<\/h1>\t\t\t\t<\/div>\n\t\t\t\t<\/div>\n\t\t\t\t<\/div>\n\t\t\t\t<section class=\"elementor-section elementor-top-section elementor-element elementor-element-6fc41aa2 elementor-section-boxed elementor-section-height-default elementor-section-height-default\" data-id=\"6fc41aa2\" data-element_type=\"section\" data-e-type=\"section\" data-settings=\"{&quot;_ha_eqh_enable&quot;:false}\">\n\t\t\t\t\t\t<div class=\"elementor-container elementor-column-gap-default\">\n\t\t\t\t\t<div class=\"elementor-column elementor-col-100 elementor-top-column elementor-element elementor-element-78eaa282\" data-id=\"78eaa282\" data-element_type=\"column\" data-e-type=\"column\">\n\t\t\t<div class=\"elementor-widget-wrap elementor-element-populated\">\n\t\t\t\t\t\t<section class=\"elementor-section elementor-inner-section elementor-element elementor-element-1107ca20 elementor-section-boxed elementor-section-height-default elementor-section-height-default\" data-id=\"1107ca20\" data-element_type=\"section\" data-e-type=\"section\" data-settings=\"{&quot;_ha_eqh_enable&quot;:false}\">\n\t\t\t\t\t\t<div class=\"elementor-container elementor-column-gap-default\">\n\t\t\t\t\t<div class=\"elementor-column elementor-col-100 elementor-inner-column elementor-element elementor-element-d7dbb2f\" data-id=\"d7dbb2f\" data-element_type=\"column\" data-e-type=\"column\">\n\t\t\t<div class=\"elementor-widget-wrap\">\n\t\t\t\t\t\t\t<\/div>\n\t\t<\/div>\n\t\t\t\t\t<\/div>\n\t\t<\/section>\n\t\t\t\t<section class=\"elementor-section elementor-inner-section elementor-element elementor-element-245730b5 elementor-section-boxed elementor-section-height-default elementor-section-height-default\" data-id=\"245730b5\" data-element_type=\"section\" data-e-type=\"section\" data-settings=\"{&quot;_ha_eqh_enable&quot;:false}\">\n\t\t\t\t\t\t<div class=\"elementor-container elementor-column-gap-default\">\n\t\t\t\t\t<div class=\"elementor-column elementor-col-50 elementor-inner-column elementor-element elementor-element-1233d7a2\" data-id=\"1233d7a2\" data-element_type=\"column\" data-e-type=\"column\">\n\t\t\t<div class=\"elementor-widget-wrap elementor-element-populated\">\n\t\t\t\t\t\t<div class=\"elementor-element elementor-element-59ba4ccf ha-infobox-media-dir-top elementor-widget elementor-widget-ha-infobox happy-addon ha-infobox\" data-id=\"59ba4ccf\" data-element_type=\"widget\" data-e-type=\"widget\" data-widget_type=\"ha-infobox.default\">\n\t\t\t\t\t\n\t\t\n\t\t<div class=\"ha-infobox-body\">\n\t\t\t<h2 class=\"ha-infobox-title\">Qual a minha vantagem como cliente Crown Jet?<\/h2>\n\t\t\t\t\t\t\t<div class=\"ha-infobox-text\">\n\t\t\t\t\t<p>Gra\u00e7as ao alto volume de vendas, podemos negociar os melhores pre\u00e7os com as operadoras sem cobrar taxas extras. Em m\u00e9dia, os clientes economizam entre 5 a 15% em seus voos fretados, gra\u00e7as \u00e0 maior disponibilidade e tarifas por hora fixas que negociamos com anteced\u00eancia.<\/p>\n\t\t\t\t<\/div>\n\t\t\t\n\t\t\t\t\t<\/div>\n\t\t\t\t\t\t<\/div>\n\t\t\t\t<div class=\"elementor-element elementor-element-223de139 ha-infobox-media-dir-top elementor-widget elementor-widget-ha-infobox happy-addon ha-infobox\" data-id=\"223de139\" data-element_type=\"widget\" data-e-type=\"widget\" data-widget_type=\"ha-infobox.default\">\n\t\t\t\t\t\n\t\t\n\t\t<div class=\"ha-infobox-body\">\n\t\t\t<h2 class=\"ha-infobox-title\">A Crownjet trabalha exclusivamente com operadores a\u00e9reos certificados?<\/h2>\n\t\t\t\t\t\t\t<div class=\"ha-infobox-text\">\n\t\t\t\t\t<p>Todos os voos s\u00e3o operados exclusivamente em aeronaves com inspe\u00e7\u00e3o de seguran\u00e7a, de acordo com o RBAC 135, 121 ou seu equivalente estrangeiro. Trabalhamos em estreita colabora\u00e7\u00e3o com as autoridades locais de avia\u00e7\u00e3o civil, incluindo ANAC, DGAC, EASA e FAA para garantir que cada aeronave possua certificados de aeronavegabilidade e manuten\u00e7\u00e3o v\u00e1lidos.<\/p>\n\t\t\t\t<\/div>\n\t\t\t\n\t\t\t\t\t<\/div>\n\t\t\t\t\t\t<\/div>\n\t\t\t\t<div class=\"elementor-element elementor-element-2cf0db8c ha-infobox-media-dir-top elementor-widget elementor-widget-ha-infobox happy-addon ha-infobox\" data-id=\"2cf0db8c\" data-element_type=\"widget\" data-e-type=\"widget\" data-widget_type=\"ha-infobox.default\">\n\t\t\t\t\t\n\t\t\n\t\t<div class=\"ha-infobox-body\">\n\t\t\t<h2 class=\"ha-infobox-title\">Quanto voc\u00ea cobra pelos seus servi\u00e7os de fretamento?<\/h2>\n\t\t\t\t\t\t\t<div class=\"ha-infobox-text\">\n\t\t\t\t\t<p>Gra\u00e7as ao alto volume de vendas, podemos negociar os melhores pre\u00e7os com as operadoras sem cobrar taxas extras. Em m\u00e9dia, os clientes economizam entre 5 a 15% em seus voos fretados, gra\u00e7as \u00e0 maior disponibilidade e tarifas por hora fixas que negociamos com anteced\u00eancia.<\/p>\n\t\t\t\t<\/div>\n\t\t\t\n\t\t\t\t\t<\/div>\n\t\t\t\t\t\t<\/div>\n\t\t\t\t<div class=\"elementor-element elementor-element-af1a444 ha-infobox-media-dir-top elementor-widget elementor-widget-ha-infobox happy-addon ha-infobox\" data-id=\"af1a444\" data-element_type=\"widget\" data-e-type=\"widget\" data-widget_type=\"ha-infobox.default\">\n\t\t\t\t\t\n\t\t\n\t\t<div class=\"ha-infobox-body\">\n\t\t\t<h2 class=\"ha-infobox-title\">Posso cancelar o meu voo?<\/h2>\n\t\t\t\t\t\t\t<div class=\"ha-infobox-text\">\n\t\t\t\t\t<p>Temos uma pol\u00edtica de cancelamento rigorosa, que pode variar para voos dom\u00e9sticos e internacionais. Consulte as regras de cancelamento estipuladas no contrato de fretamento ou no itiner\u00e1rio do voo.<\/p>\n\t\t\t\t<\/div>\n\t\t\t\n\t\t\t\t\t<\/div>\n\t\t\t\t\t\t<\/div>\n\t\t\t\t\t<\/div>\n\t\t<\/div>\n\t\t\t\t<div class=\"elementor-column elementor-col-50 elementor-inner-column elementor-element elementor-element-4527386b\" data-id=\"4527386b\" data-element_type=\"column\" data-e-type=\"column\">\n\t\t\t<div class=\"elementor-widget-wrap elementor-element-populated\">\n\t\t\t\t\t\t<div class=\"elementor-element elementor-element-7bd62471 ha-infobox-media-dir-top elementor-widget elementor-widget-ha-infobox happy-addon ha-infobox\" data-id=\"7bd62471\" data-element_type=\"widget\" data-e-type=\"widget\" data-widget_type=\"ha-infobox.default\">\n\t\t\t\t\t\n\t\t\n\t\t<div class=\"ha-infobox-body\">\n\t\t\t<h2 class=\"ha-infobox-title\">O que est\u00e1 incluso no servi\u00e7o da Crown Jet?<\/h2>\n\t\t\t\t\t\t\t<div class=\"ha-infobox-text\">\n\t\t\t\t\t<p>Os clientes de jatos particulares e turbo\u00e9lices contam com acesso ao lounge, lanches e bebidas gratuitas em todos os voos. Os voos de helic\u00f3ptero exigem uma confirma\u00e7\u00e3o das op\u00e7\u00f5es de bebidas dispon\u00edveis antes de cada voo. Se voc\u00ea deseja solicitar um servi\u00e7o de comissaria espec\u00edfico a bordo, voc\u00ea pode solicitar ao seu City Manager at\u00e9 12h antes do voo. Todos os clientes se beneficiam do servi\u00e7o personalizado de nossos City Managers, que os orientam ao longo de todo o processo.<\/p>\n\t\t\t\t<\/div>\n\t\t\t\n\t\t\t\t\t<\/div>\n\t\t\t\t\t\t<\/div>\n\t\t\t\t<div class=\"elementor-element elementor-element-7bc9295a ha-infobox-media-dir-top elementor-widget elementor-widget-ha-infobox happy-addon ha-infobox\" data-id=\"7bc9295a\" data-element_type=\"widget\" data-e-type=\"widget\" data-widget_type=\"ha-infobox.default\">\n\t\t\t\t\t\n\t\t\n\t\t<div class=\"ha-infobox-body\">\n\t\t\t<h2 class=\"ha-infobox-title\">Quanto tempo leva para confirmar o pre\u00e7o e a disponibilidade de uma aeronave fretada?<\/h2>\n\t\t\t\t\t\t\t<div class=\"ha-infobox-text\">\n\t\t\t\t\t<p>Nosso sistema de cota\u00e7\u00e3o inteligente exibe uma estimativa de pre\u00e7o quase em tempo real. Para solicita\u00e7\u00f5es de voos executivos, precisamos de 15 a 60 minutos para confirmar a disponibilidade da aeronave. Solicita\u00e7\u00f5es mais sofisticadas, incluindo voos de carga, voos de repatria\u00e7\u00e3o ou transporte de mercadorias valiosas, requerem an\u00e1lise de at\u00e9 24 horas.<\/p>\n\t\t\t\t<\/div>\n\t\t\t\n\t\t\t\t\t<\/div>\n\t\t\t\t\t\t<\/div>\n\t\t\t\t<div class=\"elementor-element elementor-element-296a117b ha-infobox-media-dir-top elementor-widget elementor-widget-ha-infobox happy-addon ha-infobox\" data-id=\"296a117b\" data-element_type=\"widget\" data-e-type=\"widget\" data-widget_type=\"ha-infobox.default\">\n\t\t\t\t\t\n\t\t\n\t\t<div class=\"ha-infobox-body\">\n\t\t\t<h2 class=\"ha-infobox-title\">O que est\u00e1 incluso no servi\u00e7o da Crown Jet?<\/h2>\n\t\t\t\t\t\t\t<div class=\"ha-infobox-text\">\n\t\t\t\t\t<p>Os clientes de jatos particulares e turbo\u00e9lices contam com acesso ao lounge, lanches e bebidas gratuitas em todos os voos. Os voos de helic\u00f3ptero exigem uma confirma\u00e7\u00e3o das op\u00e7\u00f5es de bebidas dispon\u00edveis antes de cada voo. Se voc\u00ea deseja solicitar um servi\u00e7o de comissaria espec\u00edfico a bordo, voc\u00ea pode solicitar ao seu City Manager at\u00e9 12h antes do voo. Todos os clientes se beneficiam do servi\u00e7o personalizado de nossos City Managers, que os orientam ao longo de todo o processo.<\/p>\n\t\t\t\t<\/div>\n\t\t\t\n\t\t\t\t\t<\/div>\n\t\t\t\t\t\t<\/div>\n\t\t\t\t\t<\/div>\n\t\t<\/div>\n\t\t\t\t\t<\/div>\n\t\t<\/section>\n\t\t\t\t\t<\/div>\n\t\t<\/div>\n\t\t\t\t\t<\/div>\n\t\t<\/section>\n\t\t<div class=\"elementor-element elementor-element-c5e5d11 e-flex e-con-boxed e-con e-parent\" data-id=\"c5e5d11\" data-element_type=\"container\" data-e-type=\"container\" data-settings=\"{&quot;_ha_eqh_enable&quot;:false}\">\n\t\t\t\t\t<div class=\"e-con-inner\">\n\t\t\t\t<div class=\"elementor-element elementor-element-2ba4e59 elementor-tablet-align-center elementor-widget elementor-widget-button\" data-id=\"2ba4e59\" data-element_type=\"widget\" data-e-type=\"widget\" data-widget_type=\"button.default\">\n\t\t\t\t\t\t\t\t\t\t<a class=\"elementor-button elementor-button-link elementor-size-sm\" href=\"#\">\n\t\t\t\t\t\t<span class=\"elementor-button-content-wrapper\">\n\t\t\t\t\t\t\t\t\t<span class=\"elementor-button-text\">Fazer cota\u00e7\u00e3o<\/span>\n\t\t\t\t\t<\/span>\n\t\t\t\t\t<\/a>\n\t\t\t\t\t\t\t\t<\/div>\n\t\t\t\t\t<\/div>\n\t\t\t\t<\/div>\n\t\t<div class=\"elementor-element elementor-element-6c82f75 e-flex e-con-boxed e-con e-parent\" data-id=\"6c82f75\" data-element_type=\"container\" data-e-type=\"container\" data-settings=\"{&quot;_ha_eqh_enable&quot;:false}\">\n\t\t\t\t\t<div class=\"e-con-inner\">\n\t\t\t\t\t<\/div>\n\t\t\t\t<\/div>\n\t\t\t\t<\/div>\n\t\t","protected":false},"excerpt":{"rendered":"<p>Perguntas frequentes: tire suas d\u00favidas iniciaiscom as nossas perguntas mais frenqu\u00eantes. Qual a minha vantagem como cliente Crown Jet? Gra\u00e7as ao alto volume de vendas, podemos negociar os melhores pre\u00e7os com as operadoras sem cobrar taxas extras. Em m\u00e9dia, os clientes economizam entre 5 a 15% em seus voos fretados, gra\u00e7as \u00e0 maior disponibilidade e [&hellip;]<\/p>\n","protected":false},"author":1,"featured_media":0,"parent":0,"menu_order":0,"comment_status":"closed","ping_status":"closed","template":"","meta":{"footnotes":""},"class_list":["post-709","page","type-page","status-publish","hentry"],"aioseo_notices":[],"_hostinger_reach_plugin_has_subscription_block":false,"_hostinger_reach_plugin_is_elementor":false,"_links":{"self":[{"href":"https:\/\/crownjet.com.br\/brasil\/wp-json\/wp\/v2\/pages\/709","targetHints":{"allow":["GET"]}}],"collection":[{"href":"https:\/\/crownjet.com.br\/brasil\/wp-json\/wp\/v2\/pages"}],"about":[{"href":"https:\/\/crownjet.com.br\/brasil\/wp-json\/wp\/v2\/types\/page"}],"author":[{"embeddable":true,"href":"https:\/\/crownjet.com.br\/brasil\/wp-json\/wp\/v2\/users\/1"}],"replies":[{"embeddable":true,"href":"https:\/\/crownjet.com.br\/brasil\/wp-json\/wp\/v2\/comments?post=709"}],"version-history":[{"count":58,"href":"https:\/\/crownjet.com.br\/brasil\/wp-json\/wp\/v2\/pages\/709\/revisions"}],"predecessor-version":[{"id":1015,"href":"https:\/\/crownjet.com.br\/brasil\/wp-json\/wp\/v2\/pages\/709\/revisions\/1015"}],"wp:attachment":[{"href":"https:\/\/crownjet.com.br\/brasil\/wp-json\/wp\/v2\/media?parent=709"}],"curies":[{"name":"wp","href":"https:\/\/api.w.org\/{rel}","templated":true}]}}