{"id":708,"date":"2026-04-06T07:56:30","date_gmt":"2026-04-06T07:56:30","guid":{"rendered":"https:\/\/crownjet.com.br\/brasil\/?page_id=708"},"modified":"2026-04-28T16:18:37","modified_gmt":"2026-04-28T16:18:37","slug":"sobre-nos","status":"publish","type":"page","link":"https:\/\/crownjet.com.br\/brasil\/sobre-nos\/","title":{"rendered":"Sobre n\u00f3s"},"content":{"rendered":"\t\t<div data-elementor-type=\"wp-page\" data-elementor-id=\"708\" class=\"elementor elementor-708\" data-elementor-settings=\"{&quot;ha_cmc_init_switcher&quot;:&quot;no&quot;}\" data-elementor-post-type=\"page\">\n\t\t\t\t<div class=\"elementor-element elementor-element-4078a7c7 e-con-full e-flex e-con e-parent\" data-id=\"4078a7c7\" data-element_type=\"container\" data-e-type=\"container\" data-settings=\"{&quot;background_background&quot;:&quot;classic&quot;,&quot;_ha_eqh_enable&quot;:false}\">\n\t\t<div class=\"elementor-element elementor-element-5c19b222 e-con-full e-flex e-con e-child\" data-id=\"5c19b222\" data-element_type=\"container\" data-e-type=\"container\" data-settings=\"{&quot;_ha_eqh_enable&quot;:false}\">\n\t\t\t\t<div class=\"elementor-element elementor-element-652a846 ha-css-transform-yes elementor-widget__width-inherit elementor-invisible elementor-widget elementor-widget-heading\" data-id=\"652a846\" data-element_type=\"widget\" data-e-type=\"widget\" data-settings=\"{&quot;_animation&quot;:&quot;fadeIn&quot;}\" data-widget_type=\"heading.default\">\n\t\t\t\t\t<h1 class=\"elementor-heading-title elementor-size-default\">Sobre a <font color=\"#B38E3D\">Crown Jet.<\/font><\/h1>\t\t\t\t<\/div>\n\t\t\t\t<div class=\"elementor-element elementor-element-9ea61a1 elementor-widget__width-initial elementor-widget elementor-widget-text-editor\" data-id=\"9ea61a1\" data-element_type=\"widget\" data-e-type=\"widget\" data-widget_type=\"text-editor.default\">\n\t\t\t\t\t\t\t\t\tBem-vindo, ao site oficial da Crown Jet, empresa especialista em avia\u00e7\u00e3o executiva da Am\u00e9rica Latina.\u00a0<span style=\"letter-spacing: -0.8px;\">\n<br>Os profissionais da ind\u00fastria e colaboradores conhecerem melhor o fascinante mundo da avia\u00e7\u00e3o executiva. \t\t\t\t\t\t\t\t<\/div>\n\t\t\t\t<\/div>\n\t\t\t\t<\/div>\n\t\t\t\t<section class=\"elementor-section elementor-top-section elementor-element elementor-element-2e6a3615 elementor-section-full_width elementor-section-height-default elementor-section-height-default\" data-id=\"2e6a3615\" data-element_type=\"section\" data-e-type=\"section\" data-settings=\"{&quot;background_background&quot;:&quot;classic&quot;,&quot;_ha_eqh_enable&quot;:false}\">\n\t\t\t\t\t\t\t<div class=\"elementor-background-overlay\"><\/div>\n\t\t\t\t\t\t\t<div class=\"elementor-container elementor-column-gap-default\">\n\t\t\t\t\t<div class=\"elementor-column elementor-col-50 elementor-top-column elementor-element elementor-element-d3c8bb3\" data-id=\"d3c8bb3\" data-element_type=\"column\" data-e-type=\"column\">\n\t\t\t<div class=\"elementor-widget-wrap elementor-element-populated\">\n\t\t\t\t\t\t<div class=\"elementor-element elementor-element-61a8a433 elementor-widget elementor-widget-image\" data-id=\"61a8a433\" data-element_type=\"widget\" data-e-type=\"widget\" data-widget_type=\"image.default\">\n\t\t\t\t\t\t\t\t\t\t\t\t\t\t\t<img fetchpriority=\"high\" decoding=\"async\" width=\"1536\" height=\"1024\" src=\"https:\/\/crownjet.com.br\/brasil\/wp-content\/uploads\/2026\/04\/quem-somos-1536x1024.jpg\" class=\"attachment-1536x1536 size-1536x1536 wp-image-834\" alt=\"\" srcset=\"https:\/\/crownjet.com.br\/brasil\/wp-content\/uploads\/2026\/04\/quem-somos-1536x1024.jpg 1536w, https:\/\/crownjet.com.br\/brasil\/wp-content\/uploads\/2026\/04\/quem-somos-300x200.jpg 300w, https:\/\/crownjet.com.br\/brasil\/wp-content\/uploads\/2026\/04\/quem-somos-1024x683.jpg 1024w, https:\/\/crownjet.com.br\/brasil\/wp-content\/uploads\/2026\/04\/quem-somos-768x512.jpg 768w, https:\/\/crownjet.com.br\/brasil\/wp-content\/uploads\/2026\/04\/quem-somos-2048x1365.jpg 2048w\" sizes=\"(max-width: 1536px) 100vw, 1536px\" \/>\t\t\t\t\t\t\t\t\t\t\t\t\t\t\t<\/div>\n\t\t\t\t\t<\/div>\n\t\t<\/div>\n\t\t\t\t<div class=\"elementor-column elementor-col-50 elementor-top-column elementor-element elementor-element-1a4963ba\" data-id=\"1a4963ba\" data-element_type=\"column\" data-e-type=\"column\">\n\t\t\t<div class=\"elementor-widget-wrap elementor-element-populated\">\n\t\t\t\t\t\t<div class=\"elementor-element elementor-element-26794a3b elementor-widget elementor-widget-heading\" data-id=\"26794a3b\" data-element_type=\"widget\" data-e-type=\"widget\" data-widget_type=\"heading.default\">\n\t\t\t\t\t<h2 class=\"elementor-heading-title elementor-size-default\">Quem \u00e9 a Crown Jet?<\/h2>\t\t\t\t<\/div>\n\t\t\t\t<div class=\"elementor-element elementor-element-2eaa6a81 elementor-widget-divider--view-line elementor-widget elementor-widget-divider\" data-id=\"2eaa6a81\" data-element_type=\"widget\" data-e-type=\"widget\" data-widget_type=\"divider.default\">\n\t\t\t\t\t\t\t<div class=\"elementor-divider\">\n\t\t\t<span class=\"elementor-divider-separator\">\n\t\t\t\t\t\t<\/span>\n\t\t<\/div>\n\t\t\t\t\t\t<\/div>\n\t\t\t\t<div class=\"elementor-element elementor-element-74c8e061 elementor-widget elementor-widget-text-editor\" data-id=\"74c8e061\" data-element_type=\"widget\" data-e-type=\"widget\" data-widget_type=\"text-editor.default\">\n\t\t\t\t\t\t\t\t\t<p>Sobre N\u00f3s Na Crown Jet, nossa miss\u00e3o \u00e9 proporcionar a voc\u00ea uma de jato particular inigual\u00e1vel. Fundada para atender \u00e0 demanda por servi\u00e7os de avia\u00e7\u00e3o executiva, oferecemos vo para destinos Premium, que muitas vezes s\u00e3o inacess\u00edveis pela avia\u00e7\u00e3o comercial. Com nossas plataformas de aplicativo e reservas corporativas, voc\u00ea pode facilmente reservar voos compartilhados ou fretar uma das mais de 4000 aeronaves certificadas por autoridades internacionais como ANAC, FAA e EASA. Orghamo-nos de ser o primeiro marketplace on do Brasil para aluguel de jatos e helic\u00f3pteros de t\u00e1xi a\u00e9reo, com o objetivo de tornar aia\u00e7\u00e3o privada mais acess\u00edvel a todos.<\/p>\t\t\t\t\t\t\t\t<\/div>\n\t\t\t\t\t<\/div>\n\t\t<\/div>\n\t\t\t\t\t<\/div>\n\t\t<\/section>\n\t\t<div class=\"elementor-element elementor-element-9014d70 e-flex e-con-boxed e-con e-parent\" data-id=\"9014d70\" data-element_type=\"container\" data-e-type=\"container\" data-settings=\"{&quot;background_background&quot;:&quot;classic&quot;,&quot;_ha_eqh_enable&quot;:false}\">\n\t\t\t\t\t<div class=\"e-con-inner\">\n\t\t\t\t<div class=\"elementor-element elementor-element-033f1a8 elementor-invisible elementor-widget elementor-widget-heading\" data-id=\"033f1a8\" data-element_type=\"widget\" data-e-type=\"widget\" data-settings=\"{&quot;_animation&quot;:&quot;fadeInDown&quot;}\" data-widget_type=\"heading.default\">\n\t\t\t\t\t<h2 class=\"elementor-heading-title elementor-size-default\">Nosso time Executivo<\/h2>\t\t\t\t<\/div>\n\t\t\t\t<div class=\"elementor-element elementor-element-c2c0c26 elementor-invisible elementor-widget elementor-widget-text-editor\" data-id=\"c2c0c26\" data-element_type=\"widget\" data-e-type=\"widget\" data-settings=\"{&quot;_animation&quot;:&quot;fadeInUp&quot;}\" data-widget_type=\"text-editor.default\">\n\t\t\t\t\t\t\t\t\t<p>Nosso time \u00e9 formado por profissionais dedicados e apaixonados pelo que fazem. Juntos trabalhamos para oferecer as melhores solu\u00e7\u00f5es e experi\u00eancias para nossos clientes. Estamos sempre em busca de inova\u00e7\u00e3o excel\u00eancia, prontos para enfrentar novos desafios e superar expectativas. Ven conhecer mais sobre n\u00f3s e o que podemos fazer por voc\u00ea!<\/p>\t\t\t\t\t\t\t\t<\/div>\n\t\t\t\t\t<\/div>\n\t\t\t\t<\/div>\n\t\t\t\t<section class=\"elementor-section elementor-top-section elementor-element elementor-element-3dc28bb0 elementor-section-boxed elementor-section-height-default elementor-section-height-default\" data-id=\"3dc28bb0\" data-element_type=\"section\" data-e-type=\"section\" data-settings=\"{&quot;background_background&quot;:&quot;classic&quot;,&quot;_ha_eqh_enable&quot;:false}\">\n\t\t\t\t\t\t<div class=\"elementor-container elementor-column-gap-default\">\n\t\t\t\t\t<div class=\"elementor-column elementor-col-100 elementor-top-column elementor-element elementor-element-3dd87066\" data-id=\"3dd87066\" data-element_type=\"column\" data-e-type=\"column\">\n\t\t\t<div class=\"elementor-widget-wrap elementor-element-populated\">\n\t\t\t\t\t\t<section class=\"elementor-section elementor-inner-section elementor-element elementor-element-78047b78 elementor-section-boxed elementor-section-height-default elementor-section-height-default\" data-id=\"78047b78\" data-element_type=\"section\" data-e-type=\"section\" data-settings=\"{&quot;background_background&quot;:&quot;classic&quot;,&quot;_ha_eqh_enable&quot;:false}\">\n\t\t\t\t\t\t<div class=\"elementor-container elementor-column-gap-wide\">\n\t\t\t\t\t<div class=\"elementor-column elementor-col-33 elementor-inner-column elementor-element elementor-element-714f6e32\" data-id=\"714f6e32\" data-element_type=\"column\" data-e-type=\"column\">\n\t\t\t<div class=\"elementor-widget-wrap elementor-element-populated\">\n\t\t\t\t\t\t<div class=\"elementor-element elementor-element-434b5944 ha-has-bg-overlay elementor-widget elementor-widget-ha-member happy-addon ha-member\" data-id=\"434b5944\" data-element_type=\"widget\" data-e-type=\"widget\" data-widget_type=\"ha-member.default\">\n\t\t\t\t\t\n\t\t\t\t\t<figure class=\"ha-member-figure\">\n\t\t\t\t<img decoding=\"async\" width=\"556\" height=\"495\" src=\"https:\/\/crownjet.com.br\/brasil\/wp-content\/uploads\/2026\/04\/Whisk_70be61903a04d14b3d949cbc6603fc03dr-e1775559357738.webp\" class=\"elementor-animation-disable-animation attachment-full size-full wp-image-864\" alt=\"\" srcset=\"https:\/\/crownjet.com.br\/brasil\/wp-content\/uploads\/2026\/04\/Whisk_70be61903a04d14b3d949cbc6603fc03dr-e1775559357738.webp 556w, https:\/\/crownjet.com.br\/brasil\/wp-content\/uploads\/2026\/04\/Whisk_70be61903a04d14b3d949cbc6603fc03dr-e1775559357738-300x267.webp 300w\" sizes=\"(max-width: 556px) 100vw, 556px\" \/>\t\t\t<\/figure>\n\t\t\n\t\t<div class=\"ha-member-body\">\n\t\t\t<h2 class=\"ha-member-name\"> Joel Lelo<\/h2>\n\t\t\t\t\t\t\t<div class=\"ha-member-position\">Executive Director<\/div>\n\t\t\t\n\t\t\t\n\t\t\t\n\t\t\t\n\t\t\t\t\t<\/div>\n\t\t\t\t\t\t<\/div>\n\t\t\t\t\t<\/div>\n\t\t<\/div>\n\t\t\t\t<div class=\"elementor-column elementor-col-33 elementor-inner-column elementor-element elementor-element-65855884\" data-id=\"65855884\" data-element_type=\"column\" data-e-type=\"column\">\n\t\t\t<div class=\"elementor-widget-wrap elementor-element-populated\">\n\t\t\t\t\t\t<div class=\"elementor-element elementor-element-60a5bb1a ha-has-bg-overlay elementor-widget elementor-widget-ha-member happy-addon ha-member\" data-id=\"60a5bb1a\" data-element_type=\"widget\" data-e-type=\"widget\" data-widget_type=\"ha-member.default\">\n\t\t\t\t\t\n\t\t\t\t\t<figure class=\"ha-member-figure\">\n\t\t\t\t<img decoding=\"async\" width=\"800\" height=\"450\" src=\"https:\/\/crownjet.com.br\/brasil\/wp-content\/uploads\/2026\/04\/Whisk_c5991581b893a958e6d4ffb29479d78ddr-1024x576.webp\" class=\"elementor-animation-disable-animation attachment-large size-large wp-image-862\" alt=\"\" \/>\t\t\t<\/figure>\n\t\t\n\t\t<div class=\"ha-member-body\">\n\t\t\t<h2 class=\"ha-member-name\">Eddy Fernandes<\/h2>\n\t\t\t\t\t\t\t<div class=\"ha-member-position\">Marketing Director<\/div>\n\t\t\t\n\t\t\t\n\t\t\t\n\t\t\t\n\t\t\t\t\t<\/div>\n\t\t\t\t\t\t<\/div>\n\t\t\t\t\t<\/div>\n\t\t<\/div>\n\t\t\t\t<div class=\"elementor-column elementor-col-33 elementor-inner-column elementor-element elementor-element-4cd4363f\" data-id=\"4cd4363f\" data-element_type=\"column\" data-e-type=\"column\">\n\t\t\t<div class=\"elementor-widget-wrap elementor-element-populated\">\n\t\t\t\t\t\t<div class=\"elementor-element elementor-element-45c7f0c6 ha-has-bg-overlay elementor-widget elementor-widget-ha-member happy-addon ha-member\" data-id=\"45c7f0c6\" data-element_type=\"widget\" data-e-type=\"widget\" data-widget_type=\"ha-member.default\">\n\t\t\t\t\t\n\t\t\t\t\t<figure class=\"ha-member-figure\">\n\t\t\t\t<img loading=\"lazy\" decoding=\"async\" width=\"800\" height=\"437\" src=\"https:\/\/crownjet.com.br\/brasil\/wp-content\/uploads\/2026\/04\/Whisk_30b12e7e37dbb40a08b49a7517c89139dr-1024x559.webp\" class=\"elementor-animation-disable-animation attachment-large size-large wp-image-865\" alt=\"\" \/>\t\t\t<\/figure>\n\t\t\n\t\t<div class=\"ha-member-body\">\n\t\t\t<h2 class=\"ha-member-name\">Lelo Zola<\/h2>\n\t\t\t\t\t\t\t<div class=\"ha-member-position\">Project Manager<\/div>\n\t\t\t\n\t\t\t\n\t\t\t\n\t\t\t\n\t\t\t\t\t<\/div>\n\t\t\t\t\t\t<\/div>\n\t\t\t\t\t<\/div>\n\t\t<\/div>\n\t\t\t\t\t<\/div>\n\t\t<\/section>\n\t\t\t\t\t<\/div>\n\t\t<\/div>\n\t\t\t\t\t<\/div>\n\t\t<\/section>\n\t\t\t\t<section class=\"elementor-section elementor-top-section elementor-element elementor-element-72da928c elementor-section-content-middle elementor-section-boxed elementor-section-height-default elementor-section-height-default\" data-id=\"72da928c\" data-element_type=\"section\" data-e-type=\"section\" data-settings=\"{&quot;background_background&quot;:&quot;classic&quot;,&quot;_ha_eqh_enable&quot;:false}\">\n\t\t\t\t\t\t\t<div class=\"elementor-background-overlay\"><\/div>\n\t\t\t\t\t\t\t<div class=\"elementor-container elementor-column-gap-default\">\n\t\t\t\t\t<div class=\"elementor-column elementor-col-100 elementor-top-column elementor-element elementor-element-1bfc4576\" data-id=\"1bfc4576\" data-element_type=\"column\" data-e-type=\"column\">\n\t\t\t<div class=\"elementor-widget-wrap elementor-element-populated\">\n\t\t\t\t\t\t<section class=\"elementor-section elementor-inner-section elementor-element elementor-element-483843da elementor-section-content-top elementor-section-full_width elementor-section-height-default elementor-section-height-default\" data-id=\"483843da\" data-element_type=\"section\" data-e-type=\"section\" data-settings=\"{&quot;_ha_eqh_enable&quot;:false}\">\n\t\t\t\t\t\t<div class=\"elementor-container elementor-column-gap-default\">\n\t\t\t\t\t<div class=\"elementor-column elementor-col-50 elementor-inner-column elementor-element elementor-element-378d4574\" data-id=\"378d4574\" data-element_type=\"column\" data-e-type=\"column\" data-settings=\"{&quot;background_background&quot;:&quot;classic&quot;}\">\n\t\t\t<div class=\"elementor-widget-wrap elementor-element-populated\">\n\t\t\t\t\t\t<div class=\"elementor-element elementor-element-5433909d elementor-widget elementor-widget-heading\" data-id=\"5433909d\" data-element_type=\"widget\" data-e-type=\"widget\" data-widget_type=\"heading.default\">\n\t\t\t\t\t<h1 class=\"elementor-heading-title elementor-size-default\">Fale conosco<\/h1>\t\t\t\t<\/div>\n\t\t\t\t<div class=\"elementor-element elementor-element-3235d444 elementor-widget elementor-widget-text-editor\" data-id=\"3235d444\" data-element_type=\"widget\" data-e-type=\"widget\" data-widget_type=\"text-editor.default\">\n\t\t\t\t\t\t\t\t\t<p>Ao preencher o formul\u00e1rio, um dos nossos especialista entrar\u00e1 em contato pra lhe passar mais informa\u00e7\u00f5es.<\/p>\t\t\t\t\t\t\t\t<\/div>\n\t\t\t\t<div class=\"elementor-element elementor-element-6f847b59 elementor-widget-divider--view-line elementor-widget elementor-widget-divider\" data-id=\"6f847b59\" data-element_type=\"widget\" data-e-type=\"widget\" data-widget_type=\"divider.default\">\n\t\t\t\t\t\t\t<div class=\"elementor-divider\">\n\t\t\t<span class=\"elementor-divider-separator\">\n\t\t\t\t\t\t<\/span>\n\t\t<\/div>\n\t\t\t\t\t\t<\/div>\n\t\t\t\t<div class=\"elementor-element elementor-element-5e0687c4 elementor-widget elementor-widget-text-editor\" data-id=\"5e0687c4\" data-element_type=\"widget\" data-e-type=\"widget\" data-widget_type=\"text-editor.default\">\n\t\t\t\t\t\t\t\t\t<p>Maestro Benedito Camargo, 91-Sorocaba-SP<\/p><p>Tel: +55 15 988209094<\/p><p>Email: contato@crownjet.com<\/p>\t\t\t\t\t\t\t\t<\/div>\n\t\t\t\t\t<\/div>\n\t\t<\/div>\n\t\t\t\t<div class=\"elementor-column elementor-col-50 elementor-inner-column elementor-element elementor-element-6a7fe3a1\" data-id=\"6a7fe3a1\" data-element_type=\"column\" data-e-type=\"column\">\n\t\t\t<div class=\"elementor-widget-wrap elementor-element-populated\">\n\t\t\t\t\t\t<div class=\"elementor-element elementor-element-563a369 elementor-button-align-stretch elementor-widget elementor-widget-form\" data-id=\"563a369\" data-element_type=\"widget\" data-e-type=\"widget\" data-settings=\"{&quot;step_next_label&quot;:&quot;Pr\\u00f3ximo&quot;,&quot;step_previous_label&quot;:&quot;Anterior&quot;,&quot;button_width&quot;:&quot;100&quot;,&quot;step_type&quot;:&quot;number_text&quot;,&quot;step_icon_shape&quot;:&quot;circle&quot;}\" data-widget_type=\"form.default\">\n\t\t\t\t\t\t\t<form class=\"elementor-form\" method=\"post\" name=\"contato\" aria-label=\"contato\">\n\t\t\t<input type=\"hidden\" name=\"post_id\" value=\"708\"\/>\n\t\t\t<input type=\"hidden\" name=\"form_id\" value=\"563a369\"\/>\n\t\t\t<input type=\"hidden\" name=\"referer_title\" value=\"Sobre n\u00f3s - Crown Jet\" \/>\n\n\t\t\t\t\t\t\t<input type=\"hidden\" name=\"queried_id\" value=\"708\"\/>\n\t\t\t\n\t\t\t<div class=\"elementor-form-fields-wrapper elementor-labels-\">\n\t\t\t\t\t\t\t\t<div class=\"elementor-field-type-text elementor-field-group elementor-column elementor-field-group-name elementor-col-100\">\n\t\t\t\t\t\t\t\t\t\t\t\t<label for=\"form-field-name\" class=\"elementor-field-label elementor-screen-only\">\n\t\t\t\t\t\t\t\tNome\t\t\t\t\t\t\t<\/label>\n\t\t\t\t\t\t\t\t\t\t\t\t\t\t<input size=\"1\" type=\"text\" name=\"form_fields[name]\" id=\"form-field-name\" class=\"elementor-field elementor-size-lg  elementor-field-textual\" placeholder=\"Nome\">\n\t\t\t\t\t\t\t\t\t\t\t<\/div>\n\t\t\t\t\t\t\t\t<div class=\"elementor-field-type-email elementor-field-group elementor-column elementor-field-group-email elementor-col-100 elementor-field-required\">\n\t\t\t\t\t\t\t\t\t\t\t\t<label for=\"form-field-email\" class=\"elementor-field-label elementor-screen-only\">\n\t\t\t\t\t\t\t\tE-mail\t\t\t\t\t\t\t<\/label>\n\t\t\t\t\t\t\t\t\t\t\t\t\t\t<input size=\"1\" type=\"email\" name=\"form_fields[email]\" id=\"form-field-email\" class=\"elementor-field elementor-size-lg  elementor-field-textual\" placeholder=\"E-mail\" required=\"required\">\n\t\t\t\t\t\t\t\t\t\t\t<\/div>\n\t\t\t\t\t\t\t\t<div class=\"elementor-field-type-textarea elementor-field-group elementor-column elementor-field-group-message elementor-col-100\">\n\t\t\t\t\t\t\t\t\t\t\t\t<label for=\"form-field-message\" class=\"elementor-field-label elementor-screen-only\">\n\t\t\t\t\t\t\t\tMensagem\t\t\t\t\t\t\t<\/label>\n\t\t\t\t\t\t<textarea class=\"elementor-field-textual elementor-field  elementor-size-lg\" name=\"form_fields[message]\" id=\"form-field-message\" rows=\"4\" placeholder=\"Mensagem\"><\/textarea>\t\t\t\t<\/div>\n\t\t\t\t\t\t\t\t<div class=\"elementor-field-group elementor-column elementor-field-type-submit elementor-col-100 e-form__buttons\">\n\t\t\t\t\t<button class=\"elementor-button elementor-size-md\" type=\"submit\">\n\t\t\t\t\t\t<span class=\"elementor-button-content-wrapper\">\n\t\t\t\t\t\t\t\t\t\t\t\t\t\t\t\t\t\t\t\t\t\t<span class=\"elementor-button-text\">Enviar<\/span>\n\t\t\t\t\t\t\t\t\t\t\t\t\t<\/span>\n\t\t\t\t\t<\/button>\n\t\t\t\t<\/div>\n\t\t\t<\/div>\n\t\t<\/form>\n\t\t\t\t\t\t<\/div>\n\t\t\t\t\t<\/div>\n\t\t<\/div>\n\t\t\t\t\t<\/div>\n\t\t<\/section>\n\t\t\t\t\t<\/div>\n\t\t<\/div>\n\t\t\t\t\t<\/div>\n\t\t<\/section>\n\t\t\t\t<\/div>\n\t\t","protected":false},"excerpt":{"rendered":"<p>Sobre a Crown Jet. Bem-vindo, ao site oficial da Crown Jet, empresa especialista em avia\u00e7\u00e3o executiva da Am\u00e9rica Latina.\u00a0 Os profissionais da ind\u00fastria e colaboradores conhecerem melhor o fascinante mundo da avia\u00e7\u00e3o executiva. Quem \u00e9 a Crown Jet? Sobre N\u00f3s Na Crown Jet, nossa miss\u00e3o \u00e9 proporcionar a voc\u00ea uma de jato particular inigual\u00e1vel. Fundada [&hellip;]<\/p>\n","protected":false},"author":1,"featured_media":0,"parent":0,"menu_order":0,"comment_status":"closed","ping_status":"closed","template":"elementor_header_footer","meta":{"footnotes":""},"class_list":["post-708","page","type-page","status-publish","hentry"],"aioseo_notices":[],"_hostinger_reach_plugin_has_subscription_block":false,"_hostinger_reach_plugin_is_elementor":false,"_links":{"self":[{"href":"https:\/\/crownjet.com.br\/brasil\/wp-json\/wp\/v2\/pages\/708","targetHints":{"allow":["GET"]}}],"collection":[{"href":"https:\/\/crownjet.com.br\/brasil\/wp-json\/wp\/v2\/pages"}],"about":[{"href":"https:\/\/crownjet.com.br\/brasil\/wp-json\/wp\/v2\/types\/page"}],"author":[{"embeddable":true,"href":"https:\/\/crownjet.com.br\/brasil\/wp-json\/wp\/v2\/users\/1"}],"replies":[{"embeddable":true,"href":"https:\/\/crownjet.com.br\/brasil\/wp-json\/wp\/v2\/comments?post=708"}],"version-history":[{"count":55,"href":"https:\/\/crownjet.com.br\/brasil\/wp-json\/wp\/v2\/pages\/708\/revisions"}],"predecessor-version":[{"id":1641,"href":"https:\/\/crownjet.com.br\/brasil\/wp-json\/wp\/v2\/pages\/708\/revisions\/1641"}],"wp:attachment":[{"href":"https:\/\/crownjet.com.br\/brasil\/wp-json\/wp\/v2\/media?parent=708"}],"curies":[{"name":"wp","href":"https:\/\/api.w.org\/{rel}","templated":true}]}}